{"id":22,"date":"2024-01-03T20:53:26","date_gmt":"2024-01-03T20:53:26","guid":{"rendered":"https:\/\/www.zubnihrusovany.cz\/?page_id=22"},"modified":"2025-11-16T20:05:23","modified_gmt":"2025-11-16T20:05:23","slug":"dentalni-hygiena","status":"publish","type":"page","link":"https:\/\/www.zubnihrusovany.cz\/?page_id=22","title":{"rendered":"Dent\u00e1ln\u00ed hygiena"},"content":{"rendered":"\n<p><strong>Sabrina Idrizajov\u00e1, DiS.<\/strong><\/p>\n\n\n\n<p>Ordina\u010dn\u00ed doba:  dle domluvy na z\u00e1klad\u011b p\u0159edchoz\u00edho objedn\u00e1n\u00ed<\/p>\n\n\n\n<p>Telefon: <a href=\"tel:+420705108259\" style=\"text-decoration:underline;\"> +420 705 108 259<\/a> <\/p>\n\n\n\n<p>Lze volat p\u0159\u00edpadn\u011b zaslat SMS. Pan\u00ed hygienistka V\u00e1s bude n\u00e1sledn\u011b kontaktovat a domluv\u00ed mo\u017en\u00fd term\u00edn o\u0161et\u0159en\u00ed.<\/p>\n\n\n\n<p><\/p>\n\n\n\n<p><\/p>\n","protected":false},"excerpt":{"rendered":"<p>Sabrina Idrizajov\u00e1, DiS. Ordina\u010dn\u00ed doba: dle domluvy na z\u00e1klad\u011b p\u0159edchoz\u00edho objedn\u00e1n\u00ed Telefon: +420 705 108 259 Lze volat p\u0159\u00edpadn\u011b zaslat SMS. Pan\u00ed hygienistka V\u00e1s bude n\u00e1sledn\u011b kontaktovat a domluv\u00ed mo\u017en\u00fd term\u00edn o\u0161et\u0159en\u00ed.<\/p>\n","protected":false},"author":2,"featured_media":0,"parent":0,"menu_order":0,"comment_status":"closed","ping_status":"closed","template":"","meta":{"footnotes":""},"class_list":["post-22","page","type-page","status-publish","hentry"],"_links":{"self":[{"href":"https:\/\/www.zubnihrusovany.cz\/index.php?rest_route=\/wp\/v2\/pages\/22","targetHints":{"allow":["GET"]}}],"collection":[{"href":"https:\/\/www.zubnihrusovany.cz\/index.php?rest_route=\/wp\/v2\/pages"}],"about":[{"href":"https:\/\/www.zubnihrusovany.cz\/index.php?rest_route=\/wp\/v2\/types\/page"}],"author":[{"embeddable":true,"href":"https:\/\/www.zubnihrusovany.cz\/index.php?rest_route=\/wp\/v2\/users\/2"}],"replies":[{"embeddable":true,"href":"https:\/\/www.zubnihrusovany.cz\/index.php?rest_route=%2Fwp%2Fv2%2Fcomments&post=22"}],"version-history":[{"count":5,"href":"https:\/\/www.zubnihrusovany.cz\/index.php?rest_route=\/wp\/v2\/pages\/22\/revisions"}],"predecessor-version":[{"id":381,"href":"https:\/\/www.zubnihrusovany.cz\/index.php?rest_route=\/wp\/v2\/pages\/22\/revisions\/381"}],"wp:attachment":[{"href":"https:\/\/www.zubnihrusovany.cz\/index.php?rest_route=%2Fwp%2Fv2%2Fmedia&parent=22"}],"curies":[{"name":"wp","href":"https:\/\/api.w.org\/{rel}","templated":true}]}}