{"id":20,"date":"2024-01-03T20:53:14","date_gmt":"2024-01-03T20:53:14","guid":{"rendered":"https:\/\/www.zubnihrusovany.cz\/?page_id=20"},"modified":"2026-04-23T13:00:41","modified_gmt":"2026-04-23T13:00:41","slug":"mddr-ivana-kuritkova","status":"publish","type":"page","link":"https:\/\/www.zubnihrusovany.cz\/?page_id=20","title":{"rendered":"MDDr. Ivana Ku\u0159itkov\u00e1"},"content":{"rendered":"\n<p><strong>24.4.2026  DOVOLEN\u00c1<\/strong><\/p>\n\n\n\n<p>V p\u0159\u00edpad\u011b akutn\u00edch pot\u00ed\u017e\u00ed V\u00e1s o\u0161et\u0159\u00ed MUDr. Eva Zapletalov\u00e1<\/p>\n\n\n\n<p><br><strong>Telefon: <\/strong><a style=\"text-decoration:underline;\" href=\"tel:+420515238865\">+420 515 238 865<\/a><\/p>\n\n\n\n<p>Mobil: +420 776 061 522 &#8211; POUZE SMS<\/p>\n\n\n\n<p class=\"has-text-align-left\"><strong>Ordina\u010dn\u00ed<\/strong> <strong>doba: <\/strong><\/p>\n\n\n\n<p class=\"has-text-align-center\">POND\u011aL\u00cd 7:30 &#8211; 15:00<\/p>\n\n\n\n<p class=\"has-text-align-center\">\u00daTER\u00dd 7:30-15:00<\/p>\n\n\n\n<p class=\"has-text-align-center\">ST\u0158EDA 7:30-16:00<\/p>\n\n\n\n<p class=\"has-text-align-center\">\u010cTVRTEK 7:30-15:00<\/p>\n\n\n\n<p class=\"has-text-align-center\">P\u00c1TEK 7:30-12:30<\/p>\n\n\n\n<p><\/p>\n\n\n\n<p class=\"has-text-align-center\"><\/p>\n\n\n\n<p class=\"has-text-align-center\"><\/p>\n\n\n\n<p class=\"has-text-align-center\"><\/p>\n\n\n\n<p class=\"has-text-align-center\"><\/p>\n\n\n\n<p class=\"has-text-align-center\"><\/p>\n\n\n\n<p class=\"has-text-align-center\"><\/p>\n\n\n\n<p class=\"has-text-align-center\"><\/p>\n\n\n\n<p class=\"has-text-align-center\"><\/p>\n\n\n\n<p class=\"has-text-align-center\"><\/p>\n\n\n\n<p class=\"has-text-align-center\"><\/p>\n\n\n\n<p class=\"has-text-align-center\"><\/p>\n\n\n\n<p class=\"has-text-align-center\"><\/p>\n\n\n\n<p class=\"has-text-align-center\"><\/p>\n\n\n\n<p class=\"has-text-align-center\"><\/p>\n\n\n\n<p class=\"has-text-align-center\"><\/p>\n\n\n\n<p class=\"has-text-align-center\"><\/p>\n\n\n\n<p class=\"has-text-align-center\"><\/p>\n\n\n\n<p><\/p>\n\n\n\n<p class=\"has-text-align-center\"><\/p>\n\n\n\n<p class=\"has-text-align-center\"><\/p>\n\n\n\n<p class=\"has-text-align-center\"><\/p>\n\n\n\n<p class=\"has-text-align-center\"><\/p>\n\n\n\n<p class=\"has-text-align-center\"><\/p>\n\n\n\n<p class=\"has-text-align-center\"><\/p>\n\n\n\n<p class=\"has-text-align-center\"><\/p>\n\n\n\n<p class=\"has-text-align-center\"><\/p>\n\n\n\n<p class=\"has-text-align-center\"><\/p>\n\n\n\n<p class=\"has-text-align-center\"><\/p>\n\n\n\n<p class=\"has-text-align-center\"><\/p>\n\n\n\n<p><\/p>\n\n\n\n<p><\/p>\n\n\n\n<p><\/p>\n\n\n\n<p><\/p>\n\n\n\n<p><\/p>\n","protected":false},"excerpt":{"rendered":"<p>24.4.2026 DOVOLEN\u00c1 V p\u0159\u00edpad\u011b akutn\u00edch pot\u00ed\u017e\u00ed V\u00e1s o\u0161et\u0159\u00ed MUDr. Eva Zapletalov\u00e1 Telefon: +420 515 238 865 Mobil: +420 776 061 522 &#8211; POUZE SMS Ordina\u010dn\u00ed doba: POND\u011aL\u00cd 7:30 &#8211; 15:00 \u00daTER\u00dd 7:30-15:00 ST\u0158EDA 7:30-16:00 \u010cTVRTEK 7:30-15:00 P\u00c1TEK 7:30-12:30<\/p>\n","protected":false},"author":2,"featured_media":0,"parent":0,"menu_order":0,"comment_status":"closed","ping_status":"closed","template":"","meta":{"footnotes":""},"class_list":["post-20","page","type-page","status-publish","hentry"],"_links":{"self":[{"href":"https:\/\/www.zubnihrusovany.cz\/index.php?rest_route=\/wp\/v2\/pages\/20","targetHints":{"allow":["GET"]}}],"collection":[{"href":"https:\/\/www.zubnihrusovany.cz\/index.php?rest_route=\/wp\/v2\/pages"}],"about":[{"href":"https:\/\/www.zubnihrusovany.cz\/index.php?rest_route=\/wp\/v2\/types\/page"}],"author":[{"embeddable":true,"href":"https:\/\/www.zubnihrusovany.cz\/index.php?rest_route=\/wp\/v2\/users\/2"}],"replies":[{"embeddable":true,"href":"https:\/\/www.zubnihrusovany.cz\/index.php?rest_route=%2Fwp%2Fv2%2Fcomments&post=20"}],"version-history":[{"count":5,"href":"https:\/\/www.zubnihrusovany.cz\/index.php?rest_route=\/wp\/v2\/pages\/20\/revisions"}],"predecessor-version":[{"id":458,"href":"https:\/\/www.zubnihrusovany.cz\/index.php?rest_route=\/wp\/v2\/pages\/20\/revisions\/458"}],"wp:attachment":[{"href":"https:\/\/www.zubnihrusovany.cz\/index.php?rest_route=%2Fwp%2Fv2%2Fmedia&parent=20"}],"curies":[{"name":"wp","href":"https:\/\/api.w.org\/{rel}","templated":true}]}}