{"id":18,"date":"2024-01-03T20:53:01","date_gmt":"2024-01-03T20:53:01","guid":{"rendered":"https:\/\/www.zubnihrusovany.cz\/?page_id=18"},"modified":"2026-05-11T15:01:27","modified_gmt":"2026-05-11T15:01:27","slug":"mddr-jana-letochova","status":"publish","type":"page","link":"https:\/\/www.zubnihrusovany.cz\/?page_id=18","title":{"rendered":"MDDr. Jana Letochov\u00e1 s.r.o."},"content":{"rendered":"\n<p><strong>Mobil<\/strong>: <a style=\"text-decoration:underline;\" href=\"tel:+420705101228\"> +420 705 101 228 <\/a> &#8211; <strong>PROS\u00cdM VYU\u017d\u00cdVEJTE P\u0158EDNOSTN\u011a <\/strong>&#8211; <strong> <\/strong>vid\u00edme zde zme\u0161kan\u00e9 hovory a zaslan\u00e9 SMS &#8211; m\u016f\u017eeme V\u00e1s tak kontaktovat n\u00e1sledn\u011b zp\u011bt<\/p>\n\n\n\n<p class=\"has-text-align-left has-medium-font-size\">Telefon: <a style=\"text-decoration:underline;\" href=\"tel:+420515229757\"> +420 515 229 757<\/a>   <\/p>\n\n\n\n<p class=\"has-text-align-left has-medium-font-size\"><\/p>\n\n\n\n<p class=\"has-text-align-left has-medium-font-size\">Ordina\u010dn\u00ed dny:<\/p>\n\n\n\n<p class=\"has-text-align-left has-medium-font-size\"><strong>Po 7:30 &#8211; 14:00<\/strong><\/p>\n\n\n\n<p class=\"has-text-align-left has-medium-font-size\"><strong>\u00dat 7:30 &#8211; 14:00<\/strong><\/p>\n\n\n\n<p class=\"has-text-align-left has-medium-font-size\"><strong>St 7:30 &#8211; 14:00<\/strong><\/p>\n\n\n\n<p class=\"has-text-align-left has-medium-font-size\"><strong>\u010ct 7:30 &#8211; 14:00<\/strong><\/p>\n\n\n\n<p class=\"has-text-align-left has-medium-font-size\"><strong>P\u00e1 pouze po domluv\u011b<\/strong><\/p>\n\n\n\n<p><\/p>\n\n\n\n<p><\/p>\n\n\n\n<p><\/p>\n\n\n\n<p class=\"has-text-align-center\"><\/p>\n\n\n\n<p class=\"has-text-align-center\"><\/p>\n\n\n\n<p><\/p>\n\n\n\n<p><\/p>\n","protected":false},"excerpt":{"rendered":"<p>Mobil: +420 705 101 228 &#8211; PROS\u00cdM VYU\u017d\u00cdVEJTE P\u0158EDNOSTN\u011a &#8211; vid\u00edme zde zme\u0161kan\u00e9 hovory a zaslan\u00e9 SMS &#8211; m\u016f\u017eeme V\u00e1s tak kontaktovat n\u00e1sledn\u011b zp\u011bt Telefon: +420 515 229 757 Ordina\u010dn\u00ed dny: Po 7:30 &#8211; 14:00 \u00dat 7:30 &#8211; 14:00 St 7:30 &#8211; 14:00 \u010ct 7:30 &#8211; 14:00 P\u00e1 pouze po domluv\u011b<\/p>\n","protected":false},"author":2,"featured_media":0,"parent":0,"menu_order":0,"comment_status":"closed","ping_status":"closed","template":"","meta":{"footnotes":""},"class_list":["post-18","page","type-page","status-publish","hentry"],"_links":{"self":[{"href":"https:\/\/www.zubnihrusovany.cz\/index.php?rest_route=\/wp\/v2\/pages\/18","targetHints":{"allow":["GET"]}}],"collection":[{"href":"https:\/\/www.zubnihrusovany.cz\/index.php?rest_route=\/wp\/v2\/pages"}],"about":[{"href":"https:\/\/www.zubnihrusovany.cz\/index.php?rest_route=\/wp\/v2\/types\/page"}],"author":[{"embeddable":true,"href":"https:\/\/www.zubnihrusovany.cz\/index.php?rest_route=\/wp\/v2\/users\/2"}],"replies":[{"embeddable":true,"href":"https:\/\/www.zubnihrusovany.cz\/index.php?rest_route=%2Fwp%2Fv2%2Fcomments&post=18"}],"version-history":[{"count":5,"href":"https:\/\/www.zubnihrusovany.cz\/index.php?rest_route=\/wp\/v2\/pages\/18\/revisions"}],"predecessor-version":[{"id":465,"href":"https:\/\/www.zubnihrusovany.cz\/index.php?rest_route=\/wp\/v2\/pages\/18\/revisions\/465"}],"wp:attachment":[{"href":"https:\/\/www.zubnihrusovany.cz\/index.php?rest_route=%2Fwp%2Fv2%2Fmedia&parent=18"}],"curies":[{"name":"wp","href":"https:\/\/api.w.org\/{rel}","templated":true}]}}