{"id":16,"date":"2024-01-03T20:52:42","date_gmt":"2024-01-03T20:52:42","guid":{"rendered":"https:\/\/www.zubnihrusovany.cz\/?page_id=16"},"modified":"2026-04-30T12:53:43","modified_gmt":"2026-04-30T12:53:43","slug":"mudr-eva-zapletalova","status":"publish","type":"page","link":"https:\/\/www.zubnihrusovany.cz\/?page_id=16","title":{"rendered":"MUDr. Eva Zapletalov\u00e1"},"content":{"rendered":"\n<p><strong>DOVOLEN\u00c1<\/strong><\/p>\n\n\n\n<p><\/p>\n\n\n\n<p>4. &#8211; 15.5.2026<\/p>\n\n\n\n<p>Akutn\u00ed pacienty o\u0161et\u0159\u00ed po p\u0159edchoz\u00ed telefonick\u00e9 domluv\u011b MDDr. Jana Letochov\u00e1 nebo MDDr. Ivana Ku\u0159itkov\u00e1.<\/p>\n\n\n\n<p><\/p>\n\n\n\n<p><\/p>\n\n\n\n<p><\/p>\n\n\n\n<p><\/p>\n\n\n\n<p><\/p>\n\n\n\n<p><\/p>\n\n\n\n<p><\/p>\n\n\n\n<p class=\"has-medium-font-size\">Sestra: Hana Haren\u010d\u00e1kov\u00e1, DiS.<\/p>\n\n\n\n<p>Telefon: <a style=\"text-decoration:underline;\" href=\"tel:+420515238866\"> +420 515 238 866<\/a><\/p>\n\n\n\n<h1 class=\"wp-block-heading\"><\/h1>\n\n\n\n<p>Ordina\u010dn\u00ed doba:<\/p>\n\n\n\n<p>po :   7:30-15:30<\/p>\n\n\n\n<p>\u00fat :    7:30-12:30<\/p>\n\n\n\n<p>st :     7:30-15:30<\/p>\n\n\n\n<p>\u010dt :     7:30-15:30<\/p>\n\n\n\n<p>p\u00e1:     dle objedn\u00e1n\u00ed<\/p>\n\n\n\n<p><\/p>\n\n\n\n<p><\/p>\n\n\n\n<p><\/p>\n\n\n\n<p><\/p>\n\n\n\n<p><\/p>\n","protected":false},"excerpt":{"rendered":"<p>DOVOLEN\u00c1 4. &#8211; 15.5.2026 Akutn\u00ed pacienty o\u0161et\u0159\u00ed po p\u0159edchoz\u00ed telefonick\u00e9 domluv\u011b MDDr. Jana Letochov\u00e1 nebo MDDr. Ivana Ku\u0159itkov\u00e1. Sestra: Hana Haren\u010d\u00e1kov\u00e1, DiS. Telefon: +420 515 238 866 Ordina\u010dn\u00ed doba: po : 7:30-15:30 \u00fat : 7:30-12:30 st : 7:30-15:30 \u010dt : 7:30-15:30 p\u00e1: dle objedn\u00e1n\u00ed<\/p>\n","protected":false},"author":2,"featured_media":0,"parent":0,"menu_order":0,"comment_status":"closed","ping_status":"closed","template":"","meta":{"footnotes":""},"class_list":["post-16","page","type-page","status-publish","hentry"],"_links":{"self":[{"href":"https:\/\/www.zubnihrusovany.cz\/index.php?rest_route=\/wp\/v2\/pages\/16","targetHints":{"allow":["GET"]}}],"collection":[{"href":"https:\/\/www.zubnihrusovany.cz\/index.php?rest_route=\/wp\/v2\/pages"}],"about":[{"href":"https:\/\/www.zubnihrusovany.cz\/index.php?rest_route=\/wp\/v2\/types\/page"}],"author":[{"embeddable":true,"href":"https:\/\/www.zubnihrusovany.cz\/index.php?rest_route=\/wp\/v2\/users\/2"}],"replies":[{"embeddable":true,"href":"https:\/\/www.zubnihrusovany.cz\/index.php?rest_route=%2Fwp%2Fv2%2Fcomments&post=16"}],"version-history":[{"count":5,"href":"https:\/\/www.zubnihrusovany.cz\/index.php?rest_route=\/wp\/v2\/pages\/16\/revisions"}],"predecessor-version":[{"id":461,"href":"https:\/\/www.zubnihrusovany.cz\/index.php?rest_route=\/wp\/v2\/pages\/16\/revisions\/461"}],"wp:attachment":[{"href":"https:\/\/www.zubnihrusovany.cz\/index.php?rest_route=%2Fwp%2Fv2%2Fmedia&parent=16"}],"curies":[{"name":"wp","href":"https:\/\/api.w.org\/{rel}","templated":true}]}}